{"id":4946,"date":"2023-09-14T08:24:07","date_gmt":"2023-09-14T06:24:07","guid":{"rendered":"https:\/\/www.garage-berset.ch\/faq\/"},"modified":"2025-06-19T11:26:51","modified_gmt":"2025-06-19T09:26:51","slug":"faq","status":"publish","type":"page","link":"https:\/\/www.garage-berset.ch\/de\/faq\/","title":{"rendered":"H\u00e4ufig gestellte Fragen"},"content":{"rendered":"\n<p>Hier finden Sie die Antworten auf Ihre h\u00e4ufigsten Fragen. <a href=\"https:\/\/www.garage-berset.ch\/de\/kontakt-2\/\">Kontaktieren Sie uns<\/a> sofort, wenn Sie in unseren FAQs nicht f\u00fcndig werden. Wir freuen uns darauf, Ihnen zu antworten und Sie bei Ihrem Vorhaben zu unterst\u00fctzen.  <\/p>\n","protected":false},"excerpt":{"rendered":"<p>Hier finden Sie die Antworten auf Ihre h\u00e4ufigsten Fragen. Kontaktieren Sie uns sofort, wenn Sie in unseren FAQs nicht f\u00fcndig werden. Wir freuen uns darauf, Ihnen zu antworten und Sie bei Ihrem Vorhaben zu unterst\u00fctzen.<\/p>\n","protected":false},"author":1,"featured_media":0,"parent":0,"menu_order":0,"comment_status":"closed","ping_status":"closed","template":"template-faq.php","meta":{"_acf_changed":false,"footnotes":""},"class_list":["post-4946","page","type-page","status-publish","hentry"],"acf":[],"yoast_head":"<!-- This site is optimized with the Yoast SEO plugin v27.5 - https:\/\/yoast.com\/product\/yoast-seo-wordpress\/ -->\n<title>H\u00e4ufig gestellte Fragen - Garage Berset | Fribourg, Marly et la Tour-de-Tr\u00eame<\/title>\n<meta name=\"description\" content=\"Wir beantworten Ihre h\u00e4ufigsten Fragen in unseren FAQs. Entdecken Sie die verschiedensten Themen \u00fcber die Garage Berset.\" \/>\n<meta name=\"robots\" content=\"index, follow, max-snippet:-1, max-image-preview:large, max-video-preview:-1\" \/>\n<link rel=\"canonical\" href=\"https:\/\/www.garage-berset.ch\/de\/faq\/\" \/>\n<meta property=\"og:locale\" content=\"de_DE\" \/>\n<meta property=\"og:type\" content=\"article\" \/>\n<meta property=\"og:title\" content=\"H\u00e4ufig gestellte Fragen - Garage Berset | Fribourg, Marly et la Tour-de-Tr\u00eame\" \/>\n<meta property=\"og:description\" content=\"Wir beantworten Ihre h\u00e4ufigsten Fragen in unseren FAQs. Entdecken Sie die verschiedensten Themen \u00fcber die Garage Berset.\" \/>\n<meta property=\"og:url\" content=\"https:\/\/www.garage-berset.ch\/de\/faq\/\" \/>\n<meta property=\"og:site_name\" content=\"Garage Berset | Fribourg, Marly et la Tour-de-Tr\u00eame\" \/>\n<meta property=\"article:modified_time\" content=\"2025-06-19T09:26:51+00:00\" \/>\n<meta name=\"twitter:card\" content=\"summary_large_image\" \/>\n<meta name=\"twitter:label1\" content=\"Gesch\u00e4tzte Lesezeit\" \/>\n\t<meta name=\"twitter:data1\" content=\"1\u00a0Minute\" \/>\n<script type=\"application\/ld+json\" class=\"yoast-schema-graph\">{\"@context\":\"https:\\\/\\\/schema.org\",\"@graph\":[{\"@type\":\"WebPage\",\"@id\":\"https:\\\/\\\/www.garage-berset.ch\\\/de\\\/faq\\\/\",\"url\":\"https:\\\/\\\/www.garage-berset.ch\\\/de\\\/faq\\\/\",\"name\":\"H\u00e4ufig gestellte Fragen - Garage Berset | Fribourg, Marly et la Tour-de-Tr\u00eame\",\"isPartOf\":{\"@id\":\"https:\\\/\\\/www.garage-berset.ch\\\/#website\"},\"datePublished\":\"2023-09-14T06:24:07+00:00\",\"dateModified\":\"2025-06-19T09:26:51+00:00\",\"description\":\"Wir beantworten Ihre h\u00e4ufigsten Fragen in unseren FAQs. Entdecken Sie die verschiedensten Themen \u00fcber die Garage Berset.\",\"breadcrumb\":{\"@id\":\"https:\\\/\\\/www.garage-berset.ch\\\/de\\\/faq\\\/#breadcrumb\"},\"inLanguage\":\"de\",\"potentialAction\":[{\"@type\":\"ReadAction\",\"target\":[\"https:\\\/\\\/www.garage-berset.ch\\\/de\\\/faq\\\/\"]}]},{\"@type\":\"BreadcrumbList\",\"@id\":\"https:\\\/\\\/www.garage-berset.ch\\\/de\\\/faq\\\/#breadcrumb\",\"itemListElement\":[{\"@type\":\"ListItem\",\"position\":1,\"name\":\"Accueil\",\"item\":\"https:\\\/\\\/www.garage-berset.ch\\\/de\\\/garage-berset-3\\\/\"},{\"@type\":\"ListItem\",\"position\":2,\"name\":\"H\u00e4ufig gestellte Fragen\"}]},{\"@type\":\"WebSite\",\"@id\":\"https:\\\/\\\/www.garage-berset.ch\\\/#website\",\"url\":\"https:\\\/\\\/www.garage-berset.ch\\\/\",\"name\":\"Garage Berset | Fribourg, Marly et la Tour-de-Tr\u00eame\",\"description\":\"Depuis 1951, le Garage Berset \u00e0 Fribourg (Marly) et \u00e0 Bulle (Tour-de-Tr\u00eame) est le leader des marques Lexus, Toyota et Maserati dans le canton de Fribourg.\",\"potentialAction\":[{\"@type\":\"SearchAction\",\"target\":{\"@type\":\"EntryPoint\",\"urlTemplate\":\"https:\\\/\\\/www.garage-berset.ch\\\/?s={search_term_string}\"},\"query-input\":{\"@type\":\"PropertyValueSpecification\",\"valueRequired\":true,\"valueName\":\"search_term_string\"}}],\"inLanguage\":\"de\"}]}<\/script>\n<!-- \/ Yoast SEO plugin. -->","yoast_head_json":{"title":"H\u00e4ufig gestellte Fragen - Garage Berset | Fribourg, Marly et la Tour-de-Tr\u00eame","description":"Wir beantworten Ihre h\u00e4ufigsten Fragen in unseren FAQs. Entdecken Sie die verschiedensten Themen \u00fcber die Garage Berset.","robots":{"index":"index","follow":"follow","max-snippet":"max-snippet:-1","max-image-preview":"max-image-preview:large","max-video-preview":"max-video-preview:-1"},"canonical":"https:\/\/www.garage-berset.ch\/de\/faq\/","og_locale":"de_DE","og_type":"article","og_title":"H\u00e4ufig gestellte Fragen - Garage Berset | Fribourg, Marly et la Tour-de-Tr\u00eame","og_description":"Wir beantworten Ihre h\u00e4ufigsten Fragen in unseren FAQs. Entdecken Sie die verschiedensten Themen \u00fcber die Garage Berset.","og_url":"https:\/\/www.garage-berset.ch\/de\/faq\/","og_site_name":"Garage Berset | Fribourg, Marly et la Tour-de-Tr\u00eame","article_modified_time":"2025-06-19T09:26:51+00:00","twitter_card":"summary_large_image","twitter_misc":{"Gesch\u00e4tzte Lesezeit":"1\u00a0Minute"},"schema":{"@context":"https:\/\/schema.org","@graph":[{"@type":"WebPage","@id":"https:\/\/www.garage-berset.ch\/de\/faq\/","url":"https:\/\/www.garage-berset.ch\/de\/faq\/","name":"H\u00e4ufig gestellte Fragen - Garage Berset | Fribourg, Marly et la Tour-de-Tr\u00eame","isPartOf":{"@id":"https:\/\/www.garage-berset.ch\/#website"},"datePublished":"2023-09-14T06:24:07+00:00","dateModified":"2025-06-19T09:26:51+00:00","description":"Wir beantworten Ihre h\u00e4ufigsten Fragen in unseren FAQs. Entdecken Sie die verschiedensten Themen \u00fcber die Garage Berset.","breadcrumb":{"@id":"https:\/\/www.garage-berset.ch\/de\/faq\/#breadcrumb"},"inLanguage":"de","potentialAction":[{"@type":"ReadAction","target":["https:\/\/www.garage-berset.ch\/de\/faq\/"]}]},{"@type":"BreadcrumbList","@id":"https:\/\/www.garage-berset.ch\/de\/faq\/#breadcrumb","itemListElement":[{"@type":"ListItem","position":1,"name":"Accueil","item":"https:\/\/www.garage-berset.ch\/de\/garage-berset-3\/"},{"@type":"ListItem","position":2,"name":"H\u00e4ufig gestellte Fragen"}]},{"@type":"WebSite","@id":"https:\/\/www.garage-berset.ch\/#website","url":"https:\/\/www.garage-berset.ch\/","name":"Garage Berset | Fribourg, Marly et la Tour-de-Tr\u00eame","description":"Depuis 1951, le Garage Berset \u00e0 Fribourg (Marly) et \u00e0 Bulle (Tour-de-Tr\u00eame) est le leader des marques Lexus, Toyota et Maserati dans le canton de Fribourg.","potentialAction":[{"@type":"SearchAction","target":{"@type":"EntryPoint","urlTemplate":"https:\/\/www.garage-berset.ch\/?s={search_term_string}"},"query-input":{"@type":"PropertyValueSpecification","valueRequired":true,"valueName":"search_term_string"}}],"inLanguage":"de"}]}},"_links":{"self":[{"href":"https:\/\/www.garage-berset.ch\/de\/wp-json\/wp\/v2\/pages\/4946","targetHints":{"allow":["GET"]}}],"collection":[{"href":"https:\/\/www.garage-berset.ch\/de\/wp-json\/wp\/v2\/pages"}],"about":[{"href":"https:\/\/www.garage-berset.ch\/de\/wp-json\/wp\/v2\/types\/page"}],"author":[{"embeddable":true,"href":"https:\/\/www.garage-berset.ch\/de\/wp-json\/wp\/v2\/users\/1"}],"replies":[{"embeddable":true,"href":"https:\/\/www.garage-berset.ch\/de\/wp-json\/wp\/v2\/comments?post=4946"}],"version-history":[{"count":4,"href":"https:\/\/www.garage-berset.ch\/de\/wp-json\/wp\/v2\/pages\/4946\/revisions"}],"predecessor-version":[{"id":8411,"href":"https:\/\/www.garage-berset.ch\/de\/wp-json\/wp\/v2\/pages\/4946\/revisions\/8411"}],"wp:attachment":[{"href":"https:\/\/www.garage-berset.ch\/de\/wp-json\/wp\/v2\/media?parent=4946"}],"curies":[{"name":"wp","href":"https:\/\/api.w.org\/{rel}","templated":true}]}}